{"id":3239,"date":"2024-10-09T12:36:14","date_gmt":"2024-10-09T12:36:14","guid":{"rendered":"https:\/\/awicam.pl\/?post_type=product&#038;p=3239"},"modified":"2024-11-24T14:50:56","modified_gmt":"2024-11-24T14:50:56","slug":"texas-instruments-plyta-glowna-ads7957evm-pdk","status":"publish","type":"product","link":"https:\/\/awicam.pl\/de\/sklep\/elektronika\/texas-instruments-plyta-glowna-ads7957evm-pdk\/","title":{"rendered":"Texas Instruments ADS7957EVM-PDK Hauptplatine"},"content":{"rendered":"<h5>Texas Instruments ADS7957EVM-PDK Hauptplatine<\/h5>\n<p>Das ADS79xxEVM-PDK ist ein komplettes Evaluierungs-\/Demonstrationskit, das den ADS7953EVM, ADS7957EVM oder ADS7961EVM mit einem DSP-basierten MMB0-Board als Hauptplatine kombiniert. Die ADCPro\u2122-Hauptplatine und die Evaluierungssoftware werden f\u00fcr die Verwendung mit einem Personal Computer mit Microsoft\u2122 Windows-Betriebssystem geliefert. Diese Platinen-Kombination erm\u00f6glicht eine vollst\u00e4ndige Evaluierung der ADS79xx-Ger\u00e4te.<\/p>\n<h5>Eigenschaften des ADS7957EVM-PDK<\/h5>\n<ul>\n<li>Einfach zu bedienende Bewertungssoftware f\u00fcr Systeme<\/li>\n<li>Microsoft\u2122 Windows XP und Windows 7<\/li>\n<li>Integrierte Analysewerkzeuge, einschlie\u00dflich Bereich, FFT und Histogramm-Anzeige<\/li>\n<li>Sammlung von Daten in Textdateien<\/li>\n<li>Volle Kontrolle \u00fcber die Platteneinstellungen<\/li>\n<li>Leicht erweiterbar mit neuen Analysetools von Texas Instruments<\/li>\n<\/ul>","protected":false},"excerpt":{"rendered":"<p>Texas Instruments p\u0142yta g\u0142\u00f3wna ADS7957EVM-PDK ADS79xxEVM-PDK to kompletny zestaw ewaluacyjny\/demonstracyjny, kt\u00f3ry \u0142\u0105czy ADS7953EVM, ADS7957EVM lub ADS7961EVM z p\u0142yt\u0105 MMB0 opart\u0105 na DSP jako p\u0142yt\u0105 g\u0142\u00f3wn\u0105. P\u0142yta g\u0142\u00f3wna i oprogramowanie ewaluacyjne ADCPro\u2122 s\u0105 dostarczane do u\u017cytku z komputerem osobistym z systemem operacyjnym Microsoft\u2122 Windows. Ta kombinacja p\u0142yt umo\u017cliwia pe\u0142n\u0105 ocen\u0119 urz\u0105dze\u0144 ADS79xx. Cechy ADS7957EVM-PDK \u0141atwe w [&hellip;]<\/p>","protected":false},"featured_media":3247,"comment_status":"open","ping_status":"closed","template":"","meta":{"site-sidebar-layout":"default","site-content-layout":"","ast-site-content-layout":"default","site-content-style":"default","site-sidebar-style":"default","ast-global-header-display":"","ast-banner-title-visibility":"","ast-main-header-display":"","ast-hfb-above-header-display":"","ast-hfb-below-header-display":"","ast-hfb-mobile-header-display":"","site-post-title":"","ast-breadcrumbs-content":"","ast-featured-img":"","footer-sml-layout":"","theme-transparent-header-meta":"default","adv-header-id-meta":"","stick-header-meta":"","header-above-stick-meta":"","header-main-stick-meta":"","header-below-stick-meta":"","astra-migrate-meta-layouts":"set","ast-page-background-enabled":"default","ast-page-background-meta":{"desktop":{"background-color":"var(--ast-global-color-4)","background-image":"","background-repeat":"repeat","background-position":"center center","background-size":"auto","background-attachment":"scroll","background-type":"","background-media":"","overlay-type":"","overlay-color":"","overlay-opacity":"","overlay-gradient":""},"tablet":{"background-color":"","background-image":"","background-repeat":"repeat","background-position":"center center","background-size":"auto","background-attachment":"scroll","background-type":"","background-media":"","overlay-type":"","overlay-color":"","overlay-opacity":"","overlay-gradient":""},"mobile":{"background-color":"","background-image":"","background-repeat":"repeat","background-position":"center center","background-size":"auto","background-attachment":"scroll","background-type":"","background-media":"","overlay-type":"","overlay-color":"","overlay-opacity":"","overlay-gradient":""}},"ast-content-background-meta":{"desktop":{"background-color":"var(--ast-global-color-5)","background-image":"","background-repeat":"repeat","background-position":"center center","background-size":"auto","background-attachment":"scroll","background-type":"","background-media":"","overlay-type":"","overlay-color":"","overlay-opacity":"","overlay-gradient":""},"tablet":{"background-color":"var(--ast-global-color-5)","background-image":"","background-repeat":"repeat","background-position":"center center","background-size":"auto","background-attachment":"scroll","background-type":"","background-media":"","overlay-type":"","overlay-color":"","overlay-opacity":"","overlay-gradient":""},"mobile":{"background-color":"var(--ast-global-color-5)","background-image":"","background-repeat":"repeat","background-position":"center center","background-size":"auto","background-attachment":"scroll","background-type":"","background-media":"","overlay-type":"","overlay-color":"","overlay-opacity":"","overlay-gradient":""}}},"product_cat":[38],"product_tag":[],"class_list":{"0":"post-3239","1":"product","2":"type-product","3":"status-publish","4":"has-post-thumbnail","6":"product_cat-elektronika","7":"desktop-align-center","8":"tablet-align-left","9":"mobile-align-left","10":"ast-product-gallery-layout-vertical-slider","11":"ast-product-tabs-layout-horizontal","12":"ast-qv-on-image","14":"first","15":"instock","16":"taxable","17":"shipping-taxable","18":"purchasable","19":"product-type-simple"},"_links":{"self":[{"href":"https:\/\/awicam.pl\/de\/wp-json\/wp\/v2\/product\/3239"}],"collection":[{"href":"https:\/\/awicam.pl\/de\/wp-json\/wp\/v2\/product"}],"about":[{"href":"https:\/\/awicam.pl\/de\/wp-json\/wp\/v2\/types\/product"}],"replies":[{"embeddable":true,"href":"https:\/\/awicam.pl\/de\/wp-json\/wp\/v2\/comments?post=3239"}],"version-history":[{"count":1,"href":"https:\/\/awicam.pl\/de\/wp-json\/wp\/v2\/product\/3239\/revisions"}],"predecessor-version":[{"id":3246,"href":"https:\/\/awicam.pl\/de\/wp-json\/wp\/v2\/product\/3239\/revisions\/3246"}],"wp:featuredmedia":[{"embeddable":true,"href":"https:\/\/awicam.pl\/de\/wp-json\/wp\/v2\/media\/3247"}],"wp:attachment":[{"href":"https:\/\/awicam.pl\/de\/wp-json\/wp\/v2\/media?parent=3239"}],"wp:term":[{"taxonomy":"product_cat","embeddable":true,"href":"https:\/\/awicam.pl\/de\/wp-json\/wp\/v2\/product_cat?post=3239"},{"taxonomy":"product_tag","embeddable":true,"href":"https:\/\/awicam.pl\/de\/wp-json\/wp\/v2\/product_tag?post=3239"}],"curies":[{"name":"wp","href":"https:\/\/api.w.org\/{rel}","templated":true}]}}