{"id":3206,"date":"2024-10-09T11:35:13","date_gmt":"2024-10-09T11:35:13","guid":{"rendered":"https:\/\/awicam.pl\/?post_type=product&#038;p=3206"},"modified":"2024-10-09T11:46:26","modified_gmt":"2024-10-09T11:46:26","slug":"silicon-labs-efr32bg22","status":"publish","type":"product","link":"https:\/\/awicam.pl\/de\/sklep\/elektronika\/silicon-labs-efr32bg22\/","title":{"rendered":"SILICON LABS EFR32BG22"},"content":{"rendered":"<h5>SILICON LABS EFR32BG22<\/h5>\n<p>Silicon Labs hat die SoCs der EFR32BG22 (BG22) Wireless Gecko-Familie entwickelt, um die einzigartigen Anforderungen von hochvolumigen, batteriebetriebenen Bluetooth-Produkten zu erf\u00fcllen. Mit einem extrem niedrigen Sende- und Empfangsstrom (3,6 mA TX bei 0 dBm, 2,6 mA RX) und einem leistungsstarken M33-Kern mit niedrigem Stromverbrauch (27 \u00b5A\/MHz im aktiven Modus, 1,2 \u00b5A im Sleep-Modus) bietet der BG22 eine branchenf\u00fchrende Energieeffizienz, die die Lebensdauer einer Rautenbatterie auf mehr als f\u00fcnf Jahre verl\u00e4ngern kann.<\/p>\n<p><img fetchpriority=\"high\" decoding=\"async\" class=\"wp-image-3210 aligncenter\" src=\"https:\/\/awicam.pl\/wp-content\/uploads\/2024\/10\/efr32bg22-200x300.png\" alt=\"\" width=\"385\" height=\"578\" srcset=\"https:\/\/awicam.pl\/wp-content\/uploads\/2024\/10\/efr32bg22-200x300.png 200w, https:\/\/awicam.pl\/wp-content\/uploads\/2024\/10\/efr32bg22-8x12.png 8w, https:\/\/awicam.pl\/wp-content\/uploads\/2024\/10\/efr32bg22.png 390w\" sizes=\"(max-width: 385px) 100vw, 385px\" \/><\/p>","protected":false},"excerpt":{"rendered":"<p>SILICON LABS EFR32BG22 Firma Silicon Labs zaprojektowa\u0142a rodzin\u0119 uk\u0142ad\u00f3w SoC EFR32BG22 (BG22) Wireless Gecko, aby spe\u0142ni\u0107 unikalne wymagania wysokonak\u0142adowych, zasilanych bateryjnie produkt\u00f3w Bluetooth. Dzi\u0119ki ultra niskiej mocy nadawania i odbioru (3,6 mA TX przy 0 dBm, 2,6 mA RX) oraz wysokowydajnemu rdzeniowi M33 o niskim poborze mocy (27 \u00b5A\/MHz w trybie aktywnym, 1,2 \u00b5A w [&hellip;]<\/p>","protected":false},"featured_media":3207,"comment_status":"open","ping_status":"closed","template":"","meta":{"site-sidebar-layout":"default","site-content-layout":"","ast-site-content-layout":"default","site-content-style":"default","site-sidebar-style":"default","ast-global-header-display":"","ast-banner-title-visibility":"","ast-main-header-display":"","ast-hfb-above-header-display":"","ast-hfb-below-header-display":"","ast-hfb-mobile-header-display":"","site-post-title":"","ast-breadcrumbs-content":"","ast-featured-img":"","footer-sml-layout":"","theme-transparent-header-meta":"default","adv-header-id-meta":"","stick-header-meta":"","header-above-stick-meta":"","header-main-stick-meta":"","header-below-stick-meta":"","astra-migrate-meta-layouts":"set","ast-page-background-enabled":"default","ast-page-background-meta":{"desktop":{"background-color":"var(--ast-global-color-4)","background-image":"","background-repeat":"repeat","background-position":"center center","background-size":"auto","background-attachment":"scroll","background-type":"","background-media":"","overlay-type":"","overlay-color":"","overlay-opacity":"","overlay-gradient":""},"tablet":{"background-color":"","background-image":"","background-repeat":"repeat","background-position":"center center","background-size":"auto","background-attachment":"scroll","background-type":"","background-media":"","overlay-type":"","overlay-color":"","overlay-opacity":"","overlay-gradient":""},"mobile":{"background-color":"","background-image":"","background-repeat":"repeat","background-position":"center center","background-size":"auto","background-attachment":"scroll","background-type":"","background-media":"","overlay-type":"","overlay-color":"","overlay-opacity":"","overlay-gradient":""}},"ast-content-background-meta":{"desktop":{"background-color":"var(--ast-global-color-5)","background-image":"","background-repeat":"repeat","background-position":"center center","background-size":"auto","background-attachment":"scroll","background-type":"","background-media":"","overlay-type":"","overlay-color":"","overlay-opacity":"","overlay-gradient":""},"tablet":{"background-color":"var(--ast-global-color-5)","background-image":"","background-repeat":"repeat","background-position":"center center","background-size":"auto","background-attachment":"scroll","background-type":"","background-media":"","overlay-type":"","overlay-color":"","overlay-opacity":"","overlay-gradient":""},"mobile":{"background-color":"var(--ast-global-color-5)","background-image":"","background-repeat":"repeat","background-position":"center center","background-size":"auto","background-attachment":"scroll","background-type":"","background-media":"","overlay-type":"","overlay-color":"","overlay-opacity":"","overlay-gradient":""}}},"product_cat":[38],"product_tag":[],"class_list":{"0":"post-3206","1":"product","2":"type-product","3":"status-publish","4":"has-post-thumbnail","6":"product_cat-elektronika","7":"desktop-align-center","8":"tablet-align-left","9":"mobile-align-left","10":"ast-product-gallery-layout-vertical-slider","11":"ast-product-tabs-layout-horizontal","12":"ast-qv-on-image","14":"first","15":"instock","16":"taxable","17":"shipping-taxable","18":"purchasable","19":"product-type-simple"},"_links":{"self":[{"href":"https:\/\/awicam.pl\/de\/wp-json\/wp\/v2\/product\/3206"}],"collection":[{"href":"https:\/\/awicam.pl\/de\/wp-json\/wp\/v2\/product"}],"about":[{"href":"https:\/\/awicam.pl\/de\/wp-json\/wp\/v2\/types\/product"}],"replies":[{"embeddable":true,"href":"https:\/\/awicam.pl\/de\/wp-json\/wp\/v2\/comments?post=3206"}],"version-history":[{"count":2,"href":"https:\/\/awicam.pl\/de\/wp-json\/wp\/v2\/product\/3206\/revisions"}],"predecessor-version":[{"id":3212,"href":"https:\/\/awicam.pl\/de\/wp-json\/wp\/v2\/product\/3206\/revisions\/3212"}],"wp:featuredmedia":[{"embeddable":true,"href":"https:\/\/awicam.pl\/de\/wp-json\/wp\/v2\/media\/3207"}],"wp:attachment":[{"href":"https:\/\/awicam.pl\/de\/wp-json\/wp\/v2\/media?parent=3206"}],"wp:term":[{"taxonomy":"product_cat","embeddable":true,"href":"https:\/\/awicam.pl\/de\/wp-json\/wp\/v2\/product_cat?post=3206"},{"taxonomy":"product_tag","embeddable":true,"href":"https:\/\/awicam.pl\/de\/wp-json\/wp\/v2\/product_tag?post=3206"}],"curies":[{"name":"wp","href":"https:\/\/api.w.org\/{rel}","templated":true}]}}