{"id":3145,"date":"2024-10-08T13:24:07","date_gmt":"2024-10-08T13:24:07","guid":{"rendered":"https:\/\/awicam.pl\/?post_type=product&#038;p=3145"},"modified":"2024-10-09T08:01:27","modified_gmt":"2024-10-09T08:01:27","slug":"m24sr-nucleo-expansion","status":"publish","type":"product","link":"https:\/\/awicam.pl\/de\/sklep\/elektronika\/m24sr-nucleo-expansion\/","title":{"rendered":"Testplatine X-NUCLEO-NFC01A1"},"content":{"rendered":"<h5>Testplatine X-NUCLEO-NFC01A1<\/h5>\n<p>Das X-NUCLEO-NFC01A1 ist ein Evaluation Board mit einem dynamischen NFC-Tag, das die Entwicklung von STM32 Nucleo Boards erm\u00f6glicht. Es ist kompatibel mit dem Arduino UNO R3 Anschluss-Chip und wurde auf der Basis des M24SR64-Y Chips entwickelt. Der M24SR64-Y Baustein ist ein dynamischer NFC\/RFID-Chip mit einer dualen Schnittstelle. Er enth\u00e4lt ein 64 Kbit EEPROM. Er kann \u00fcber eine I2C-Schnittstelle oder \u00fcber ein 13,56 MHz RFID-Leseger\u00e4t oder NFC-Telefon betrieben werden.<\/p>\n<p>Das Board wird \u00fcber Arduino UNO R3-Anschl\u00fcsse mit Strom versorgt. Es enth\u00e4lt au\u00dferdem drei Allzweck-LEDs.<\/p>\n<h5>Alle Funktionen<\/h5>\n<ul>\n<li>Dynamischer NFC\/RFID-Chip M24SR64-Y<\/li>\n<li>NFC-Antenne: 31 mm x 30 mm Dual-Layer 13,56 MHz induktive Antenne auf PCB ge\u00e4tzt (ANT14)<\/li>\n<li>Kompatibilit\u00e4t mit STM32 Nucleo Boards<\/li>\n<li>Ausgestattet mit einem Arduino UNO R3 Anschluss<\/li>\n<li>Stromversorgung \u00fcber Arduino UNO R3 Anschluss<\/li>\n<li>3 farbige Allzweck-LEDs<\/li>\n<\/ul>","protected":false},"excerpt":{"rendered":"<p>P\u0142ytka ewaluacyjna X-NUCLEO-NFC01A1 X-NUCLEO-NFC01A1 to p\u0142ytka ewaluacyjna z dynamicznym tagiem NFC, umo\u017cliwiaj\u0105ca rozbudow\u0119 p\u0142ytek STM32 Nucleo. Jest ona kompatybilna z uk\u0142adem z\u0142\u0105cz Arduino UNO R3 i zosta\u0142a zaprojektowana w oparciu o uk\u0142ad M24SR64-Y. Urz\u0105dzenie M24SR64-Y jest dynamicznym uk\u0142adem scalonym NFC\/RFID z podw\u00f3jnym interfejsem. Zawiera pami\u0119\u0107 EEPROM 64 Kbit. Mo\u017ce by\u0107 obs\u0142ugiwany przez interfejs I2C lub [&hellip;]<\/p>","protected":false},"featured_media":3147,"comment_status":"open","ping_status":"closed","template":"","meta":{"site-sidebar-layout":"default","site-content-layout":"","ast-site-content-layout":"default","site-content-style":"default","site-sidebar-style":"default","ast-global-header-display":"","ast-banner-title-visibility":"","ast-main-header-display":"","ast-hfb-above-header-display":"","ast-hfb-below-header-display":"","ast-hfb-mobile-header-display":"","site-post-title":"","ast-breadcrumbs-content":"","ast-featured-img":"","footer-sml-layout":"","theme-transparent-header-meta":"default","adv-header-id-meta":"","stick-header-meta":"","header-above-stick-meta":"","header-main-stick-meta":"","header-below-stick-meta":"","astra-migrate-meta-layouts":"set","ast-page-background-enabled":"default","ast-page-background-meta":{"desktop":{"background-color":"var(--ast-global-color-4)","background-image":"","background-repeat":"repeat","background-position":"center center","background-size":"auto","background-attachment":"scroll","background-type":"","background-media":"","overlay-type":"","overlay-color":"","overlay-opacity":"","overlay-gradient":""},"tablet":{"background-color":"","background-image":"","background-repeat":"repeat","background-position":"center center","background-size":"auto","background-attachment":"scroll","background-type":"","background-media":"","overlay-type":"","overlay-color":"","overlay-opacity":"","overlay-gradient":""},"mobile":{"background-color":"","background-image":"","background-repeat":"repeat","background-position":"center center","background-size":"auto","background-attachment":"scroll","background-type":"","background-media":"","overlay-type":"","overlay-color":"","overlay-opacity":"","overlay-gradient":""}},"ast-content-background-meta":{"desktop":{"background-color":"var(--ast-global-color-5)","background-image":"","background-repeat":"repeat","background-position":"center center","background-size":"auto","background-attachment":"scroll","background-type":"","background-media":"","overlay-type":"","overlay-color":"","overlay-opacity":"","overlay-gradient":""},"tablet":{"background-color":"var(--ast-global-color-5)","background-image":"","background-repeat":"repeat","background-position":"center center","background-size":"auto","background-attachment":"scroll","background-type":"","background-media":"","overlay-type":"","overlay-color":"","overlay-opacity":"","overlay-gradient":""},"mobile":{"background-color":"var(--ast-global-color-5)","background-image":"","background-repeat":"repeat","background-position":"center center","background-size":"auto","background-attachment":"scroll","background-type":"","background-media":"","overlay-type":"","overlay-color":"","overlay-opacity":"","overlay-gradient":""}}},"product_cat":[38],"product_tag":[],"class_list":{"0":"post-3145","1":"product","2":"type-product","3":"status-publish","4":"has-post-thumbnail","6":"product_cat-elektronika","7":"desktop-align-center","8":"tablet-align-left","9":"mobile-align-left","10":"ast-product-gallery-layout-vertical-slider","11":"ast-product-tabs-layout-horizontal","12":"ast-qv-on-image","14":"first","15":"instock","16":"taxable","17":"shipping-taxable","18":"purchasable","19":"product-type-simple"},"_links":{"self":[{"href":"https:\/\/awicam.pl\/de\/wp-json\/wp\/v2\/product\/3145"}],"collection":[{"href":"https:\/\/awicam.pl\/de\/wp-json\/wp\/v2\/product"}],"about":[{"href":"https:\/\/awicam.pl\/de\/wp-json\/wp\/v2\/types\/product"}],"replies":[{"embeddable":true,"href":"https:\/\/awicam.pl\/de\/wp-json\/wp\/v2\/comments?post=3145"}],"version-history":[{"count":3,"href":"https:\/\/awicam.pl\/de\/wp-json\/wp\/v2\/product\/3145\/revisions"}],"predecessor-version":[{"id":3177,"href":"https:\/\/awicam.pl\/de\/wp-json\/wp\/v2\/product\/3145\/revisions\/3177"}],"wp:featuredmedia":[{"embeddable":true,"href":"https:\/\/awicam.pl\/de\/wp-json\/wp\/v2\/media\/3147"}],"wp:attachment":[{"href":"https:\/\/awicam.pl\/de\/wp-json\/wp\/v2\/media?parent=3145"}],"wp:term":[{"taxonomy":"product_cat","embeddable":true,"href":"https:\/\/awicam.pl\/de\/wp-json\/wp\/v2\/product_cat?post=3145"},{"taxonomy":"product_tag","embeddable":true,"href":"https:\/\/awicam.pl\/de\/wp-json\/wp\/v2\/product_tag?post=3145"}],"curies":[{"name":"wp","href":"https:\/\/api.w.org\/{rel}","templated":true}]}}